{"id":33,"date":"2022-07-06T20:42:27","date_gmt":"2022-07-06T20:42:27","guid":{"rendered":"http:\/\/www.stellamaris.tur.br\/?page_id=33"},"modified":"2022-07-16T19:32:24","modified_gmt":"2022-07-16T19:32:24","slug":"sobre","status":"publish","type":"page","link":"https:\/\/www.stellamaris.tur.br\/?page_id=33","title":{"rendered":"Sobre"},"content":{"rendered":"\n\n\n\n\n\n\n\n\n\n<h3>a pousada<\/h3>\n\n<p style=\"text-align: justify;\">Localizada a 430 km de Salvador, entre Porto Seguro e Ilh\u00e9us no sul da Bahia, Canavieiras ou simplesmente Canes apresenta uma natureza deslumbrante rica em hist\u00f3ria e farta na gastronomia. A capital do caranguejo como \u00e9 conhecida concilia rios e mar com extensas praias, coqueirais, lindos manguezais e uma arquitetura preservada com antigos casarios no centro hist\u00f3rico datados dos s\u00e9culos XVIII e XIX. Para que o visitante aproveite este para\u00edso com conforto e tranquilidade, a pousada Stella Maris oferece excelente op\u00e7\u00e3o de hospedagem. Localizada na praia da costa h\u00e1 apenas 60 minutos do aeroporto de Ilh\u00e9us, de frente para o mar a pousada Stella Maris oferece tranquilidade, lazer e acomoda\u00e7\u00f5es confort\u00e1veis. S\u00e3o 20 apartamentos equipados com ar condicionado, tv, frigobar, varandas com redes voltadas para a \u00e1rea de lazer, al\u00e9m de caf\u00e9 da manh\u00e3 regional.<\/p><p style=\"text-align: justify;\">\nEm meio a muito verde est\u00e1 a \u00e1rea de lazer com churrasqueira e uma bel\u00edssima piscina. O h\u00f3spede tem o privil\u00e9gio de se divertir \u00e0 beira mar pois a pousada est\u00e1 situada h\u00e1 apenas 10 metros da praia, curta tamb\u00e9m passeios de barco e city tour.  Venha desfrutar deste para\u00edso natural chamado Canavieiras e fa\u00e7a da sua estadia dias inesquec\u00edveis!<\/p>\n\n\n\n\n\n\n\n\n\n\n\n<h2>bem vindos ao para\u00edso<\/h2>\n<h4>Conhe\u00e7a a Pousada Stella Maris<\/h4>\n\n\n\n\n<h3>\u00c1rea externa<\/h3>\n\n\n\n\n\n\n\n\n<h3>apartamentos<\/h3>\n\n\n\n\n\n\n<h3>lazer<\/h3>\n\n\n\n<p><br><\/p>\n\n\n\n<h3>caf\u00e9 da manh\u00e3<\/h3>\n\n\n\n\n\n\n\n\n<h3>praia da costa<\/h3>\n\n\n\n\n\n\n\n\n\n<h3>localiza\u00e7\u00e3o<\/h3>\n\n<p>A Pousada fica localizada na Av. Beira Mar, na Praia da Costa Norte, em Canavieiras \u2013 Bahia. Tranquila cidade com um infinito verde que mostra a natureza exuberante. S\u00e3o 9.800 hectares de manguezais preservados que representam um importante patrim\u00f4nio ecol\u00f3gico. A ilha de atalaia com seus 17 km de extens\u00e3o adornada por coqueirais \u00e9 um convite para caminhadas e banhos revigorantes. Conhe\u00e7a as barras norte (Barra do Albino) e sul da Ilha de Atalaia (Barra de Atalaia).<\/p>\n\n\n<p><iframe src=\"https:\/\/www.google.com\/maps\/embed?pb=!1m18!1m12!1m3!1d12921.451887560652!2d-38.93828810857753!3d-15.667836532846097!2m3!1f0!2f0!3f0!3m2!1i1024!2i768!4f13.1!3m3!1m2!1s0x73743b0aac21069%3A0x3d9cbe3eb74645ba!2sPousada%20Stella%20Maris!5e0!3m2!1spt-PT!2sbr!4v1657143491596!5m2!1spt-PT!2sbr\" width=\"1000\" height=\"400\" style=\"border:0;\" allowfullscreen=\"\" loading=\"lazy\" referrerpolicy=\"no-referrer-when-downgrade\"><\/iframe><\/p>\n\n\n\n\n\n\n\n<h1>Fa\u00e7a sua Reserva<\/h1>\n\n\n\n","protected":false},"excerpt":{"rendered":"","protected":false},"author":1,"featured_media":0,"parent":0,"menu_order":0,"comment_status":"closed","ping_status":"closed","template":"","meta":{"pagelayer_contact_templates":[],"_pagelayer_content":"","footnotes":""},"_links":{"self":[{"href":"https:\/\/www.stellamaris.tur.br\/index.php?rest_route=\/wp\/v2\/pages\/33"}],"collection":[{"href":"https:\/\/www.stellamaris.tur.br\/index.php?rest_route=\/wp\/v2\/pages"}],"about":[{"href":"https:\/\/www.stellamaris.tur.br\/index.php?rest_route=\/wp\/v2\/types\/page"}],"author":[{"embeddable":true,"href":"https:\/\/www.stellamaris.tur.br\/index.php?rest_route=\/wp\/v2\/users\/1"}],"replies":[{"embeddable":true,"href":"https:\/\/www.stellamaris.tur.br\/index.php?rest_route=%2Fwp%2Fv2%2Fcomments&post=33"}],"version-history":[{"count":21,"href":"https:\/\/www.stellamaris.tur.br\/index.php?rest_route=\/wp\/v2\/pages\/33\/revisions"}],"predecessor-version":[{"id":326,"href":"https:\/\/www.stellamaris.tur.br\/index.php?rest_route=\/wp\/v2\/pages\/33\/revisions\/326"}],"wp:attachment":[{"href":"https:\/\/www.stellamaris.tur.br\/index.php?rest_route=%2Fwp%2Fv2%2Fmedia&parent=33"}],"curies":[{"name":"wp","href":"https:\/\/api.w.org\/{rel}","templated":true}]}}